{"id":1205,"date":"2026-04-03T19:14:22","date_gmt":"2026-04-03T19:14:22","guid":{"rendered":"https:\/\/ekomaofsweden.com\/?post_type=product&#038;p=1205"},"modified":"2026-04-03T19:14:22","modified_gmt":"2026-04-03T19:14:22","slug":"khadi-natural-almond-saffron-moisturizer-210-ml","status":"publish","type":"product","link":"https:\/\/ekomaofsweden.com\/en\/product\/khadi-natural-almond-saffron-moisturizer-210-ml\/","title":{"rendered":"Khadi Natural Almond &amp; Saffron Moisturiser 210 ml"},"content":{"rendered":"<p><strong>Khadi Natural Almond &amp; Saffron Moisturiser 210 ml<\/strong>\u00a0is a skin lotion based on a rich blend of a variety of vegetable oils and beeswax. It is also enriched with naturally beneficial extracts of Aloe Vera, Saffron, Fenugreek and Liquorice Root.<\/p>\n<p>Almond &amp; Saffron Moisturiser enhances the skin's radiance, counteracts dry skin and repairs damaged skin tissue, helping the skin's natural renewal process. The lotion is non-sticky and quickly absorbed by the skin. Free from parabens, silicones and phthalates.<\/p>\n<p>Exclusive scent of almonds and saffron.<\/p>\n<p>Active Ayurvedic herbs:\u00a0<strong>Shea butter, Coconut butter, Sunflower oil, Beeswax, Olive oil, Almond oil, Wheat germ oil, Grape seed oil, Saffron extract, Aloevera extract, Fenugreek extract, Liquorice extract<\/strong><\/p>","protected":false},"excerpt":{"rendered":"<p><strong>Khadi Natural Almond &amp; Saffron Moisturiser 210 ml<\/strong>\u00a0is a skin lotion based on a rich blend of a variety of vegetable oils and beeswax. It is also enriched with naturally beneficial extracts of Aloe Vera, Saffron, Fenugreek and Liquorice Root.<\/p>","protected":false},"featured_media":1206,"comment_status":"open","ping_status":"closed","template":"","meta":{"slim_seo":{"title":"Khadi Natural Almond &amp; Saffron Moisturizer 210 ml - Ekoma Of Sweden","description":"Khadi Natural Almond &amp; Saffron Moisturizer 210 ml \u00a0\u00e4r en hudlotion baserad p\u00e5 en rik blandning av en m\u00e4ngd vegetabiliska oljor och bivax. Den \u00e4r ocks\u00e5 berik"}},"product_brand":[],"product_cat":[51],"product_tag":[],"class_list":{"0":"post-1205","1":"product","2":"type-product","3":"status-publish","4":"has-post-thumbnail","6":"product_cat-hudlotion","8":"first","9":"instock","10":"sale","11":"taxable","12":"shipping-taxable","13":"purchasable","14":"product-type-simple"},"_links":{"self":[{"href":"https:\/\/ekomaofsweden.com\/en\/wp-json\/wp\/v2\/product\/1205","targetHints":{"allow":["GET"]}}],"collection":[{"href":"https:\/\/ekomaofsweden.com\/en\/wp-json\/wp\/v2\/product"}],"about":[{"href":"https:\/\/ekomaofsweden.com\/en\/wp-json\/wp\/v2\/types\/product"}],"replies":[{"embeddable":true,"href":"https:\/\/ekomaofsweden.com\/en\/wp-json\/wp\/v2\/comments?post=1205"}],"wp:featuredmedia":[{"embeddable":true,"href":"https:\/\/ekomaofsweden.com\/en\/wp-json\/wp\/v2\/media\/1206"}],"wp:attachment":[{"href":"https:\/\/ekomaofsweden.com\/en\/wp-json\/wp\/v2\/media?parent=1205"}],"wp:term":[{"taxonomy":"product_brand","embeddable":true,"href":"https:\/\/ekomaofsweden.com\/en\/wp-json\/wp\/v2\/product_brand?post=1205"},{"taxonomy":"product_cat","embeddable":true,"href":"https:\/\/ekomaofsweden.com\/en\/wp-json\/wp\/v2\/product_cat?post=1205"},{"taxonomy":"product_tag","embeddable":true,"href":"https:\/\/ekomaofsweden.com\/en\/wp-json\/wp\/v2\/product_tag?post=1205"}],"curies":[{"name":"wp","href":"https:\/\/api.w.org\/{rel}","templated":true}]}}