{"id":1190,"date":"2026-04-03T18:27:45","date_gmt":"2026-04-03T18:27:45","guid":{"rendered":"https:\/\/ekomaofsweden.com\/?post_type=product&#038;p=1190"},"modified":"2026-04-03T18:27:45","modified_gmt":"2026-04-03T18:27:45","slug":"khadi-natural-herbal-face-pack-sandalwood-50-g","status":"publish","type":"product","link":"https:\/\/ekomaofsweden.com\/en\/product\/khadi-natural-herbal-face-pack-sandalwood-50-g\/","title":{"rendered":"Khadi Natural Herbal Face Pack Sandalwood 50 g"},"content":{"rendered":"<p><strong>Khadi Natural Herbal Face Pack Sandalwood 50 g<\/strong>\u00a0is a completely chemical-free, nourishing and moisturising face mask for those with dry or normal skin. Contains, among other things, sandalwood powder whose antiseptic properties help to keep the skin clean and soft and healthy. No chemicals what so ever! The different types of clay and the carefully selected herbal extracts guarantee function and experience.<\/p>\n<p>The product is in the form of powder. The packaging has been changed from aluminium to cardboard - the pictures will be updated shortly. Scent of, primarily, sandalwood.<\/p>\n<p>Mix 1-3 tsp of the herbal mixture with 1-3 tsp of \u201dKhadi Natural Rose Water\u201d, plain water or milk (for dry skin) to a creamy paste. Apply to moistened skin and leave to dry. Leave on for 15 minutes, rinse with lukewarm water, and pat dry.<\/p>\n<p>Active Ayurvedic herbs:\u00a0<strong>Kaolin clay, Sandalwood, Calamine powder, Bentonite clay, Liquorice root, White mulberry extract, Aloevera extract, Acacia resin. Basil, Xanthan, Suhaga.<\/strong><\/p>","protected":false},"excerpt":{"rendered":"<p><strong>Khadi Natural Herbal Face Pack Sandalwood 50 g<\/strong>\u00a0is a completely chemical-free, nourishing and moisturising face mask for those with dry or normal skin. Contains, among other things, sandalwood powder whose antiseptic properties help to keep the skin clean and soft and healthy. No chemicals what so ever! The different types of clay and the carefully selected herbal extracts guarantee function and experience.<\/p>","protected":false},"featured_media":1191,"comment_status":"open","ping_status":"closed","template":"","meta":{"slim_seo":{"title":"Khadi Natural Herbal Face Pack Sandalwood 50 g - Ekoma Of Sweden","description":"Khadi Natural Herbal Face Pack Sandalwood 50 g \u00a0\u00e4r en helt kemikaliefri, n\u00e4rande och \u00e5terfuktande ansiktsmask f\u00f6r dig med torr eller normal hy. Best\u00e5r av bland"}},"product_brand":[],"product_cat":[49],"product_tag":[],"class_list":{"0":"post-1190","1":"product","2":"type-product","3":"status-publish","4":"has-post-thumbnail","6":"product_cat-ansiktsmask","8":"first","9":"instock","10":"sale","11":"taxable","12":"shipping-taxable","13":"purchasable","14":"product-type-simple"},"_links":{"self":[{"href":"https:\/\/ekomaofsweden.com\/en\/wp-json\/wp\/v2\/product\/1190","targetHints":{"allow":["GET"]}}],"collection":[{"href":"https:\/\/ekomaofsweden.com\/en\/wp-json\/wp\/v2\/product"}],"about":[{"href":"https:\/\/ekomaofsweden.com\/en\/wp-json\/wp\/v2\/types\/product"}],"replies":[{"embeddable":true,"href":"https:\/\/ekomaofsweden.com\/en\/wp-json\/wp\/v2\/comments?post=1190"}],"wp:featuredmedia":[{"embeddable":true,"href":"https:\/\/ekomaofsweden.com\/en\/wp-json\/wp\/v2\/media\/1191"}],"wp:attachment":[{"href":"https:\/\/ekomaofsweden.com\/en\/wp-json\/wp\/v2\/media?parent=1190"}],"wp:term":[{"taxonomy":"product_brand","embeddable":true,"href":"https:\/\/ekomaofsweden.com\/en\/wp-json\/wp\/v2\/product_brand?post=1190"},{"taxonomy":"product_cat","embeddable":true,"href":"https:\/\/ekomaofsweden.com\/en\/wp-json\/wp\/v2\/product_cat?post=1190"},{"taxonomy":"product_tag","embeddable":true,"href":"https:\/\/ekomaofsweden.com\/en\/wp-json\/wp\/v2\/product_tag?post=1190"}],"curies":[{"name":"wp","href":"https:\/\/api.w.org\/{rel}","templated":true}]}}