{"id":1177,"date":"2026-04-03T12:50:29","date_gmt":"2026-04-03T12:50:29","guid":{"rendered":"https:\/\/ekomaofsweden.com\/?post_type=product&#038;p=1177"},"modified":"2026-04-03T12:52:34","modified_gmt":"2026-04-03T12:52:34","slug":"khadi-natural-orange-lemongrass-face-wash-210-ml","status":"publish","type":"product","link":"https:\/\/ekomaofsweden.com\/en\/product\/khadi-natural-orange-lemongrass-face-wash-210-ml\/","title":{"rendered":"Khadi Natural Orange &amp; Lemongrass Face Wash 210 ml"},"content":{"rendered":"<p><strong>Khadi Natural Orange &amp; Lemongrass Face Wash 210 ml<\/strong>\u00a0works especially well for those with dry skin. It deeply cleanses, nourishes and moisturises while being mild and gentle. The powerful herbal blend helps the skin to achieve moisture balance. Free from SLS and Parabens.<\/p>\n<p>Pleasant orange flavour.<\/p>\n<p>Active Ayurvedic herbs:\u00a0<strong>Aloevera, Cucumber, Neem, Orange peel oil, Lemon peel oil, Geranium oil, Bergamot oil, Pineapple, Saffron<\/strong>, Almond protein, Glycerine.<\/p>","protected":false},"excerpt":{"rendered":"<p><strong>Khadi Natural Orange &amp; Lemongrass Face Wash 210 ml<\/strong>\u00a0works especially well for those with dry skin. It deeply cleanses, nourishes and moisturises while being mild and gentle. The powerful herbal blend helps the skin to achieve moisture balance. Free from SLS and Parabens.<\/p>\n<p>Pleasant orange flavour.<\/p>","protected":false},"featured_media":1178,"comment_status":"open","ping_status":"closed","template":"","meta":{"slim_seo":{"title":"Khadi Natural Orange &amp; Lemongrass Face Wash 210 ml - Ekoma Of Sweden","description":"Khadi Natural Orange &amp; Lemongrass Face Wash 210 ml \u00a0fungerar extra bra f\u00f6r dig med torr hud. Reng\u00f6r p\u00e5 djupet, v\u00e5rdar och \u00e5terfuktar samtidigt som den \u00e4r mi"}},"product_brand":[],"product_cat":[48],"product_tag":[],"class_list":{"0":"post-1177","1":"product","2":"type-product","3":"status-publish","4":"has-post-thumbnail","6":"product_cat-ansiktstvatt","8":"first","9":"instock","10":"sale","11":"taxable","12":"shipping-taxable","13":"purchasable","14":"product-type-simple"},"_links":{"self":[{"href":"https:\/\/ekomaofsweden.com\/en\/wp-json\/wp\/v2\/product\/1177","targetHints":{"allow":["GET"]}}],"collection":[{"href":"https:\/\/ekomaofsweden.com\/en\/wp-json\/wp\/v2\/product"}],"about":[{"href":"https:\/\/ekomaofsweden.com\/en\/wp-json\/wp\/v2\/types\/product"}],"replies":[{"embeddable":true,"href":"https:\/\/ekomaofsweden.com\/en\/wp-json\/wp\/v2\/comments?post=1177"}],"wp:featuredmedia":[{"embeddable":true,"href":"https:\/\/ekomaofsweden.com\/en\/wp-json\/wp\/v2\/media\/1178"}],"wp:attachment":[{"href":"https:\/\/ekomaofsweden.com\/en\/wp-json\/wp\/v2\/media?parent=1177"}],"wp:term":[{"taxonomy":"product_brand","embeddable":true,"href":"https:\/\/ekomaofsweden.com\/en\/wp-json\/wp\/v2\/product_brand?post=1177"},{"taxonomy":"product_cat","embeddable":true,"href":"https:\/\/ekomaofsweden.com\/en\/wp-json\/wp\/v2\/product_cat?post=1177"},{"taxonomy":"product_tag","embeddable":true,"href":"https:\/\/ekomaofsweden.com\/en\/wp-json\/wp\/v2\/product_tag?post=1177"}],"curies":[{"name":"wp","href":"https:\/\/api.w.org\/{rel}","templated":true}]}}