{"id":1172,"date":"2026-04-03T12:29:31","date_gmt":"2026-04-03T12:29:31","guid":{"rendered":"https:\/\/ekomaofsweden.com\/?post_type=product&#038;p=1172"},"modified":"2026-04-03T12:29:32","modified_gmt":"2026-04-03T12:29:32","slug":"medimix-facewash-natural-glow-ansiktstvatt-50-ml","status":"publish","type":"product","link":"https:\/\/ekomaofsweden.com\/en\/product\/medimix-facewash-natural-glow-ansiktstvatt-50-ml\/","title":{"rendered":"Medimix Facewash Natural Glow face wash 50 ml"},"content":{"rendered":"<p><strong>Medimix Facewash Natural Glow face wash 50 ml<\/strong>\u00a0gives new life and glow to tired facial skin. It is permanently refreshing and revitalising<\/p>\n<p>This unique herbal blend contains sugar cane extract to reduce wrinkles and ginger extract to heal burns and even out spots.<\/p>\n<p>The combination of sugar cane and ginger extracts keeps your skin youthful and glowing, with the sugar cane helping to reduce wrinkles and the ginger improving skin elasticity.<\/p>\n<p>Fruity herbal odour.<\/p>\n<p>Active Ayurvedic herbs:\u00a0<strong>Liquorice root, Aloevera, Saffron, Carrot seed, Manjishta, Sugarcane, Turmeric.<\/strong><\/p>","protected":false},"excerpt":{"rendered":"<p><strong>Medimix Facewash Natural Glow face wash 50 ml<\/strong>\u00a0gives new life and glow to tired facial skin. It is permanently refreshing and revitalising<\/p>\n<p>This unique herbal blend contains sugar cane extract to reduce wrinkles and ginger extract to heal burns and even out spots.<\/p>","protected":false},"featured_media":1173,"comment_status":"open","ping_status":"closed","template":"","meta":{"slim_seo":{"title":"Medimix Facewash Natural Glow ansiktstv\u00e4tt 50 ml - Ekoma Of Sweden","description":"Medimix Facewash Natural Glow ansiktstv\u00e4tt 50 ml \u00a0ger nytt liv och glow till tr\u00f6tt ansiktshud. Den \u00e4r varaktigt uppfriskande och upplivande Denna unika \u00f6rtbland"}},"product_brand":[],"product_cat":[48],"product_tag":[],"class_list":{"0":"post-1172","1":"product","2":"type-product","3":"status-publish","4":"has-post-thumbnail","6":"product_cat-ansiktstvatt","8":"first","9":"instock","10":"sale","11":"taxable","12":"shipping-taxable","13":"purchasable","14":"product-type-simple"},"_links":{"self":[{"href":"https:\/\/ekomaofsweden.com\/en\/wp-json\/wp\/v2\/product\/1172","targetHints":{"allow":["GET"]}}],"collection":[{"href":"https:\/\/ekomaofsweden.com\/en\/wp-json\/wp\/v2\/product"}],"about":[{"href":"https:\/\/ekomaofsweden.com\/en\/wp-json\/wp\/v2\/types\/product"}],"replies":[{"embeddable":true,"href":"https:\/\/ekomaofsweden.com\/en\/wp-json\/wp\/v2\/comments?post=1172"}],"wp:featuredmedia":[{"embeddable":true,"href":"https:\/\/ekomaofsweden.com\/en\/wp-json\/wp\/v2\/media\/1173"}],"wp:attachment":[{"href":"https:\/\/ekomaofsweden.com\/en\/wp-json\/wp\/v2\/media?parent=1172"}],"wp:term":[{"taxonomy":"product_brand","embeddable":true,"href":"https:\/\/ekomaofsweden.com\/en\/wp-json\/wp\/v2\/product_brand?post=1172"},{"taxonomy":"product_cat","embeddable":true,"href":"https:\/\/ekomaofsweden.com\/en\/wp-json\/wp\/v2\/product_cat?post=1172"},{"taxonomy":"product_tag","embeddable":true,"href":"https:\/\/ekomaofsweden.com\/en\/wp-json\/wp\/v2\/product_tag?post=1172"}],"curies":[{"name":"wp","href":"https:\/\/api.w.org\/{rel}","templated":true}]}}