{"id":1167,"date":"2026-04-03T12:15:42","date_gmt":"2026-04-03T12:15:42","guid":{"rendered":"https:\/\/ekomaofsweden.com\/?post_type=product&#038;p=1167"},"modified":"2026-04-03T12:31:49","modified_gmt":"2026-04-03T12:31:49","slug":"medimix-facewash-anti-pimple-ansiktstvatt-50-ml","status":"publish","type":"product","link":"https:\/\/ekomaofsweden.com\/en\/product\/medimix-facewash-anti-pimple-ansiktstvatt-50-ml\/","title":{"rendered":"Medimix Facewash Anti Pimple face wash 50 ml"},"content":{"rendered":"<p><strong>Medimix Anti Pimple Facewash face wash 50ml<\/strong>\u00a0is a face wash that fulfils all the demands you can make on a modern face wash. It is deep cleansing, highly effective for acne-prone skin and leaves an intensely fresh feeling.<\/p>\n<p>Anti Pimple FaceWash 50 ml is based on six carefully selected Ayurvedic herbal extracts, which help your skin to cope with the stresses of the environment in the long term.<\/p>\n<p>Fresh scent of mountain herbs.<\/p>\n<p>Active Ayurvedic herbs:\u00a0<strong>Aloevera, Turmeric, Neem, Lodhra, Mountain burdock, Manjishta.<\/strong><\/p>","protected":false},"excerpt":{"rendered":"<p><strong>Medimix Anti Pimple Facewash face wash 50ml<\/strong>\u00a0is a face wash that fulfils all the demands you can make on a modern face wash. It is deep cleansing, highly effective for acne-prone skin and leaves an intensely fresh feeling.<\/p>","protected":false},"featured_media":1168,"comment_status":"open","ping_status":"closed","template":"","meta":{"slim_seo":{"title":"Medimix Facewash Anti Pimple ansiktstv\u00e4tt 50 ml - Ekoma Of Sweden","description":"Medimix Anti Pimple Facewash ansiktstv\u00e4tt 50ml \u00a0\u00e4r en ansiktstv\u00e4tt som uppfyller alla krav du kan st\u00e4lla p\u00e5 en modern Facewash. Den \u00e4r djupreng\u00f6rande, mycket ef"}},"product_brand":[],"product_cat":[48],"product_tag":[],"class_list":{"0":"post-1167","1":"product","2":"type-product","3":"status-publish","4":"has-post-thumbnail","6":"product_cat-ansiktstvatt","8":"first","9":"instock","10":"sale","11":"taxable","12":"shipping-taxable","13":"purchasable","14":"product-type-simple"},"_links":{"self":[{"href":"https:\/\/ekomaofsweden.com\/en\/wp-json\/wp\/v2\/product\/1167","targetHints":{"allow":["GET"]}}],"collection":[{"href":"https:\/\/ekomaofsweden.com\/en\/wp-json\/wp\/v2\/product"}],"about":[{"href":"https:\/\/ekomaofsweden.com\/en\/wp-json\/wp\/v2\/types\/product"}],"replies":[{"embeddable":true,"href":"https:\/\/ekomaofsweden.com\/en\/wp-json\/wp\/v2\/comments?post=1167"}],"wp:featuredmedia":[{"embeddable":true,"href":"https:\/\/ekomaofsweden.com\/en\/wp-json\/wp\/v2\/media\/1168"}],"wp:attachment":[{"href":"https:\/\/ekomaofsweden.com\/en\/wp-json\/wp\/v2\/media?parent=1167"}],"wp:term":[{"taxonomy":"product_brand","embeddable":true,"href":"https:\/\/ekomaofsweden.com\/en\/wp-json\/wp\/v2\/product_brand?post=1167"},{"taxonomy":"product_cat","embeddable":true,"href":"https:\/\/ekomaofsweden.com\/en\/wp-json\/wp\/v2\/product_cat?post=1167"},{"taxonomy":"product_tag","embeddable":true,"href":"https:\/\/ekomaofsweden.com\/en\/wp-json\/wp\/v2\/product_tag?post=1167"}],"curies":[{"name":"wp","href":"https:\/\/api.w.org\/{rel}","templated":true}]}}