{"id":1159,"date":"2026-04-03T11:50:47","date_gmt":"2026-04-03T11:50:47","guid":{"rendered":"https:\/\/ekomaofsweden.com\/?post_type=product&#038;p=1159"},"modified":"2026-04-03T11:50:48","modified_gmt":"2026-04-03T11:50:48","slug":"khadi-natural-herbal-acne-pimple-cream-50-g","status":"publish","type":"product","link":"https:\/\/ekomaofsweden.com\/en\/product\/khadi-natural-herbal-acne-pimple-cream-50-g\/","title":{"rendered":"Khadi Natural Herbal Acne Pimple Cream 50 g"},"content":{"rendered":"<p><strong>Khadi Natural Herbal Acne Pimple Cream 50 g<\/strong>\u00a0is a face cream designed for those with acne. The Ayurvedic herbal blend is a powerful antiseptic and astringent, and has a cooling and soothing effect on the skin.\u00a0<strong>Very active!<\/strong><\/p>\n<p>The cream base is low-processed and individually based on vegetable oils. It contains as few chemicals as possible to meet the wishes and needs of the modern, conscious customer.<\/p>\n<p>Active Ayurvedic herbs:\u00a0<strong>Sunflower oil, Neem, Shea butter, Olive oil, Wheat germ oil, Calendula, Basil, Cloves, Lavender, Verbena,<\/strong>\u00a0<strong>Real cinnamon, Tea tree, Coconut butter, Almond oil, Aloevera, Jojoba oil, Grape seed oil, Turmeric.<\/strong><\/p>","protected":false},"excerpt":{"rendered":"<p><strong>Khadi Natural Herbal Acne Pimple Cream 50 g<\/strong>\u00a0is a face cream designed for those with acne. The Ayurvedic herbal blend is a powerful antiseptic and astringent, and has a cooling and soothing effect on the skin.\u00a0<strong>Very active!<\/strong><\/p>\n<p>The cream base is low-processed and individually based on vegetable oils. It contains as few chemicals as possible to meet the wishes and needs of the modern, conscious customer.<\/p>","protected":false},"featured_media":1160,"comment_status":"open","ping_status":"closed","template":"","meta":{"slim_seo":{"title":"Khadi Natural Herbal Acne Pimple Cream 50 g - Ekoma Of Sweden","description":"Khadi Natural Herbal Acne Pimple Cream 50 g \u00a0\u00e4r en ansiktskr\u00e4m framtagen f\u00f6r dig med acne. Den ayurvediska \u00f6rtblandningen \u00e4r kraftigt antiseptisk och sammandrag"}},"product_brand":[],"product_cat":[40],"product_tag":[],"class_list":{"0":"post-1159","1":"product","2":"type-product","3":"status-publish","4":"has-post-thumbnail","6":"product_cat-skincare","8":"first","9":"instock","10":"sale","11":"taxable","12":"shipping-taxable","13":"purchasable","14":"product-type-simple"},"_links":{"self":[{"href":"https:\/\/ekomaofsweden.com\/en\/wp-json\/wp\/v2\/product\/1159","targetHints":{"allow":["GET"]}}],"collection":[{"href":"https:\/\/ekomaofsweden.com\/en\/wp-json\/wp\/v2\/product"}],"about":[{"href":"https:\/\/ekomaofsweden.com\/en\/wp-json\/wp\/v2\/types\/product"}],"replies":[{"embeddable":true,"href":"https:\/\/ekomaofsweden.com\/en\/wp-json\/wp\/v2\/comments?post=1159"}],"wp:featuredmedia":[{"embeddable":true,"href":"https:\/\/ekomaofsweden.com\/en\/wp-json\/wp\/v2\/media\/1160"}],"wp:attachment":[{"href":"https:\/\/ekomaofsweden.com\/en\/wp-json\/wp\/v2\/media?parent=1159"}],"wp:term":[{"taxonomy":"product_brand","embeddable":true,"href":"https:\/\/ekomaofsweden.com\/en\/wp-json\/wp\/v2\/product_brand?post=1159"},{"taxonomy":"product_cat","embeddable":true,"href":"https:\/\/ekomaofsweden.com\/en\/wp-json\/wp\/v2\/product_cat?post=1159"},{"taxonomy":"product_tag","embeddable":true,"href":"https:\/\/ekomaofsweden.com\/en\/wp-json\/wp\/v2\/product_tag?post=1159"}],"curies":[{"name":"wp","href":"https:\/\/api.w.org\/{rel}","templated":true}]}}