{"id":1155,"date":"2026-04-03T11:39:01","date_gmt":"2026-04-03T11:39:01","guid":{"rendered":"https:\/\/ekomaofsweden.com\/?post_type=product&#038;p=1155"},"modified":"2026-04-03T11:39:01","modified_gmt":"2026-04-03T11:39:01","slug":"khadi-natural-herbal-anti-blemish-cream-50-g","status":"publish","type":"product","link":"https:\/\/ekomaofsweden.com\/en\/product\/khadi-natural-herbal-anti-blemish-cream-50-g\/","title":{"rendered":"Khadi Natural Herbal Anti Blemish Cream 50 g"},"content":{"rendered":"<p><strong>Khadi Natural Herbal Anti Blemish Cream 50 g<\/strong>\u00a0is a face cream that is extremely effective against uneven pigmentation and scar tissue. It also makes the skin velvety and evens out skin tone.<\/p>\n<p>Also works great as a hand cream for those with dry hands!<\/p>\n<p>The cream base is\u00a0<strong>low-processed<\/strong>\u00a0and individually based on vegetable oils. It contains as few chemicals as possible to meet the wishes and needs of the modern, conscious customer.<\/p>\n<p>Mild. sweetly herbal scent.<\/p>\n<p>Active Ayurvedic herbs:\u00a0<strong>Sunflower oil, Shea butter, Jojoba oil, Ashwaganda, Papaya, Olive oil, Coconut butter, Wheat germ oil, Almond oil, Aloevera, Liquorice root, Coconut oil, Beeswax, Rose, Krishna Thulasi, Brahmi, Manjishta, Fenugreek, Tomato, Grape seed oil, Nutmeg oil.<\/strong><\/p>","protected":false},"excerpt":{"rendered":"<p><strong>Khadi Natural Herbal Anti Blemish Cream 50 g<\/strong>\u00a0is a face cream that is extremely effective against uneven pigmentation and scar tissue. It also makes the skin velvety and evens out skin tone.<\/p>","protected":false},"featured_media":1156,"comment_status":"open","ping_status":"closed","template":"","meta":{"slim_seo":{"title":"Khadi Natural Herbal Anti Blemish Cream 50 g - Ekoma Of Sweden","description":"Khadi Natural Herbal Anti Blemish Cream 50 g \u00a0\u00e4r en ansiktskr\u00e4m som \u00e4r extremt effektiv mot oj\u00e4mn pigmentering och \u00e4rrv\u00e4vnad. Den g\u00f6r ocks\u00e5 huden sammetslen och"}},"product_brand":[],"product_cat":[40],"product_tag":[],"class_list":{"0":"post-1155","1":"product","2":"type-product","3":"status-publish","4":"has-post-thumbnail","6":"product_cat-skincare","8":"first","9":"instock","10":"sale","11":"taxable","12":"shipping-taxable","13":"purchasable","14":"product-type-simple"},"_links":{"self":[{"href":"https:\/\/ekomaofsweden.com\/en\/wp-json\/wp\/v2\/product\/1155","targetHints":{"allow":["GET"]}}],"collection":[{"href":"https:\/\/ekomaofsweden.com\/en\/wp-json\/wp\/v2\/product"}],"about":[{"href":"https:\/\/ekomaofsweden.com\/en\/wp-json\/wp\/v2\/types\/product"}],"replies":[{"embeddable":true,"href":"https:\/\/ekomaofsweden.com\/en\/wp-json\/wp\/v2\/comments?post=1155"}],"wp:featuredmedia":[{"embeddable":true,"href":"https:\/\/ekomaofsweden.com\/en\/wp-json\/wp\/v2\/media\/1156"}],"wp:attachment":[{"href":"https:\/\/ekomaofsweden.com\/en\/wp-json\/wp\/v2\/media?parent=1155"}],"wp:term":[{"taxonomy":"product_brand","embeddable":true,"href":"https:\/\/ekomaofsweden.com\/en\/wp-json\/wp\/v2\/product_brand?post=1155"},{"taxonomy":"product_cat","embeddable":true,"href":"https:\/\/ekomaofsweden.com\/en\/wp-json\/wp\/v2\/product_cat?post=1155"},{"taxonomy":"product_tag","embeddable":true,"href":"https:\/\/ekomaofsweden.com\/en\/wp-json\/wp\/v2\/product_tag?post=1155"}],"curies":[{"name":"wp","href":"https:\/\/api.w.org\/{rel}","templated":true}]}}