{"id":1071,"date":"2025-07-12T23:41:33","date_gmt":"2025-07-12T23:41:33","guid":{"rendered":"https:\/\/ekomaofsweden.com\/?post_type=product&#038;p=1071"},"modified":"2026-04-03T12:41:42","modified_gmt":"2026-04-03T12:41:42","slug":"khadi-natural-aloevera-face-wash-with-scrub-210-ml","status":"publish","type":"product","link":"https:\/\/ekomaofsweden.com\/en\/product\/khadi-natural-aloevera-face-wash-with-scrub-210-ml\/","title":{"rendered":"Khadi Natural Aloevera Face Wash with Scrub 210 ml"},"content":{"rendered":"<p><strong>Khadi Natural Aloevera Face Wash with Scrub 210 ml<\/strong>\u00a0contains small pieces of apricot kernels and walnut shells, which effectively scrub and massage the skin naturally. Effectively removes dead skin cells and stimulates healing and blood circulation. Free from SLS and Parabens<\/p>\n<p>Active Ayurvedic herbs:\u00a0<strong>Aloevera extract, Aloevera gel, Rose, Crushed walnut shells and peach kernels, Liquorice root, Pineapple, Saffron, Rice husk oil, Neem, Bladderwrack extract<\/strong>, Almond protein and Glycerine.<\/p>","protected":false},"excerpt":{"rendered":"<p><strong>Khadi Natural Aloevera Face Wash with Scrub 210 ml<\/strong>\u00a0contains small pieces of apricot kernels and walnut shells, which effectively scrub and massage the skin naturally. Effectively removes dead skin cells and stimulates healing and blood circulation. Free from SLS and Parabens<\/p>","protected":false},"featured_media":1072,"comment_status":"open","ping_status":"closed","template":"","meta":{"slim_seo":{"title":"Khadi Natural Aloevera Face Wash with Scrub 210 ml - Ekoma Of Sweden","description":"Khadi Natural Aloevera Face Wash with Scrub 210 ml \u00a0inneh\u00e5ller sm\u00e5 bitar av aprikosk\u00e4rnor och valn\u00f6tsskal, som effektivt scrubbar och masserar huden p\u00e5 naturlig"}},"product_brand":[],"product_cat":[48],"product_tag":[],"class_list":{"0":"post-1071","1":"product","2":"type-product","3":"status-publish","4":"has-post-thumbnail","6":"product_cat-ansiktstvatt","8":"first","9":"instock","10":"sale","11":"taxable","12":"shipping-taxable","13":"purchasable","14":"product-type-simple"},"_links":{"self":[{"href":"https:\/\/ekomaofsweden.com\/en\/wp-json\/wp\/v2\/product\/1071","targetHints":{"allow":["GET"]}}],"collection":[{"href":"https:\/\/ekomaofsweden.com\/en\/wp-json\/wp\/v2\/product"}],"about":[{"href":"https:\/\/ekomaofsweden.com\/en\/wp-json\/wp\/v2\/types\/product"}],"replies":[{"embeddable":true,"href":"https:\/\/ekomaofsweden.com\/en\/wp-json\/wp\/v2\/comments?post=1071"}],"wp:featuredmedia":[{"embeddable":true,"href":"https:\/\/ekomaofsweden.com\/en\/wp-json\/wp\/v2\/media\/1072"}],"wp:attachment":[{"href":"https:\/\/ekomaofsweden.com\/en\/wp-json\/wp\/v2\/media?parent=1071"}],"wp:term":[{"taxonomy":"product_brand","embeddable":true,"href":"https:\/\/ekomaofsweden.com\/en\/wp-json\/wp\/v2\/product_brand?post=1071"},{"taxonomy":"product_cat","embeddable":true,"href":"https:\/\/ekomaofsweden.com\/en\/wp-json\/wp\/v2\/product_cat?post=1071"},{"taxonomy":"product_tag","embeddable":true,"href":"https:\/\/ekomaofsweden.com\/en\/wp-json\/wp\/v2\/product_tag?post=1071"}],"curies":[{"name":"wp","href":"https:\/\/api.w.org\/{rel}","templated":true}]}}