{"id":308,"date":"2024-11-19T13:41:22","date_gmt":"2024-11-19T13:41:22","guid":{"rendered":"https:\/\/ekomaofsweden.theo.enson.se\/?page_id=308"},"modified":"2024-11-20T12:13:16","modified_gmt":"2024-11-20T12:13:16","slug":"vara-tjanster","status":"publish","type":"page","link":"https:\/\/ekomaofsweden.com\/en\/vara-tjanster\/","title":{"rendered":"Our services"},"content":{"rendered":"<div data-elementor-type=\"wp-page\" data-elementor-id=\"308\" class=\"elementor elementor-308\" data-elementor-post-type=\"page\">\n\t\t\t\t<div class=\"elementor-element elementor-element-bfae3b1 e-flex e-con-boxed e-con e-parent\" data-id=\"bfae3b1\" data-element_type=\"container\" data-e-type=\"container\">\n\t\t\t\t\t<div class=\"e-con-inner\">\n\t\t\t\t<div class=\"elementor-element elementor-element-bd35016 elementor-widget elementor-widget-heading\" data-id=\"bd35016\" data-element_type=\"widget\" data-e-type=\"widget\" data-widget_type=\"heading.default\">\n\t\t\t\t\t<h1 class=\"elementor-heading-title elementor-size-default\">Our services<\/h1>\t\t\t\t<\/div>\n\t\t\t\t<div class=\"elementor-element elementor-element-4bff3e4 elementor-widget elementor-widget-text-editor\" data-id=\"4bff3e4\" data-element_type=\"widget\" data-e-type=\"widget\" data-widget_type=\"text-editor.default\">\n\t\t\t\t\t\t\t\t\t<div><span style=\"color: #000000;\">At Ravas, we pride ourselves not only on our high-quality products, but also on the exceptional services we offer our business partners. By choosing to work with us, you will experience a commitment to **business ethics** and professionalism that sets us apart from the competition. Our aim is to ensure that every aspect of our service meets the highest standards, allowing you to partner with a reliable and trustworthy company.<\/span><\/div><p>\u00a0<\/p><h2><span style=\"color: #000000;\">Product development<\/span><\/h2><div><span style=\"color: #000000;\">With an extensive network of contacts and partnerships, we have the ability to lead your product development from concept to completion. As a partner to leading GMP-certified cosmetics manufacturers, we can help you at every stage - from product design and unique formulation to registration and final delivery. Whether you are based in Europe or abroad, we make the process as smooth as possible. For our distributors outside Europe, we offer assistance with local documentation by liaising with embassies and securing the necessary authenticated documents required for registration in your region. All our products are manufactured to GMP standards, registered with the CPSR and reported to the CPNP, ensuring they meet the strictest safety and quality guidelines.<\/span><\/div><p>\u00a0<\/p><h2><span style=\"color: #000000;\">Exclusive distribution rights<\/span><\/h2><div><span style=\"color: #000000;\">Are you looking for an opportunity to exclusively distribute unique, high-quality products in your country? We offer exclusive distribution agreements for our Swedish skincare brand, giving your company the exclusive right to sell our products within your market. This is a great opportunity for companies that want to differentiate themselves by offering a unique and in-demand product line backed by our commitment to quality and ethical business practices.<\/span><br \/><br \/><span style=\"color: #000000;\">Partner with Ravas, and together we'll help you elevate your business while ensuring your customers receive the best natural skincare products on the market. Contact us today to learn more about our services and how we can work together for mutual success.<\/span><\/div>\t\t\t\t\t\t\t\t<\/div>\n\t\t\t\t\t<\/div>\n\t\t\t\t<\/div>\n\t\t\t\t<\/div>","protected":false},"excerpt":{"rendered":"<p>V\u00e5ra tj\u00e4nster P\u00e5 Ravas \u00e4r vi stolta inte bara \u00f6ver v\u00e5ra h\u00f6gkvalitativa produkter utan ocks\u00e5 \u00f6ver de exceptionella tj\u00e4nster vi erbjuder v\u00e5ra aff\u00e4rspartners. Genom att v\u00e4lja att arbeta med oss \u200b\u200bkommer du att uppleva ett engagemang f\u00f6r **aff\u00e4rsetik** och professionalism som skiljer oss fr\u00e5n konkurrenterna. V\u00e5rt m\u00e5l \u00e4r att s\u00e4kerst\u00e4lla att varje aspekt av v\u00e5r [&hellip;]<\/p>\n","protected":false},"author":1,"featured_media":0,"parent":0,"menu_order":0,"comment_status":"closed","ping_status":"closed","template":"elementor_theme","meta":{"slim_seo":{"title":"Our services - Ekoma Of Sweden","description":"Our services At Ravas, we pride ourselves not only on our high-quality products, but also on the exceptional services we offer our business partners. Geno"},"footnotes":""},"class_list":["post-308","page","type-page","status-publish","hentry"],"_links":{"self":[{"href":"https:\/\/ekomaofsweden.com\/en\/wp-json\/wp\/v2\/pages\/308","targetHints":{"allow":["GET"]}}],"collection":[{"href":"https:\/\/ekomaofsweden.com\/en\/wp-json\/wp\/v2\/pages"}],"about":[{"href":"https:\/\/ekomaofsweden.com\/en\/wp-json\/wp\/v2\/types\/page"}],"author":[{"embeddable":true,"href":"https:\/\/ekomaofsweden.com\/en\/wp-json\/wp\/v2\/users\/1"}],"replies":[{"embeddable":true,"href":"https:\/\/ekomaofsweden.com\/en\/wp-json\/wp\/v2\/comments?post=308"}],"version-history":[{"count":4,"href":"https:\/\/ekomaofsweden.com\/en\/wp-json\/wp\/v2\/pages\/308\/revisions"}],"predecessor-version":[{"id":555,"href":"https:\/\/ekomaofsweden.com\/en\/wp-json\/wp\/v2\/pages\/308\/revisions\/555"}],"wp:attachment":[{"href":"https:\/\/ekomaofsweden.com\/en\/wp-json\/wp\/v2\/media?parent=308"}],"curies":[{"name":"wp","href":"https:\/\/api.w.org\/{rel}","templated":true}]}}