{"id":306,"date":"2024-11-19T13:41:22","date_gmt":"2024-11-19T13:41:22","guid":{"rendered":"https:\/\/ekomaofsweden.theo.enson.se\/?page_id=306"},"modified":"2025-05-25T07:36:33","modified_gmt":"2025-05-25T07:36:33","slug":"om-oss","status":"publish","type":"page","link":"https:\/\/ekomaofsweden.com\/en\/om-oss\/","title":{"rendered":"About us"},"content":{"rendered":"<div data-elementor-type=\"wp-page\" data-elementor-id=\"306\" class=\"elementor elementor-306\" data-elementor-post-type=\"page\">\n\t\t\t\t<div class=\"elementor-element elementor-element-1abc22dc e-flex e-con-boxed e-con e-parent\" data-id=\"1abc22dc\" data-element_type=\"container\" data-e-type=\"container\">\n\t\t\t\t\t<div class=\"e-con-inner\">\n\t\t\t\t<div class=\"elementor-element elementor-element-979e90b elementor-widget elementor-widget-heading\" data-id=\"979e90b\" data-element_type=\"widget\" data-e-type=\"widget\" data-widget_type=\"heading.default\">\n\t\t\t\t\t<h1 class=\"elementor-heading-title elementor-size-default\">About RAVAS Beauty by Ekoma of Sweden<\/h1>\t\t\t\t<\/div>\n\t\t\t\t\t<\/div>\n\t\t\t\t<\/div>\n\t\t<div class=\"elementor-element elementor-element-32cff1d e-flex e-con-boxed e-con e-parent\" data-id=\"32cff1d\" data-element_type=\"container\" data-e-type=\"container\">\n\t\t\t\t\t<div class=\"e-con-inner\">\n\t\t<div class=\"elementor-element elementor-element-bd4107f e-con-full e-flex e-con e-child\" data-id=\"bd4107f\" data-element_type=\"container\" data-e-type=\"container\">\n\t\t\t\t<div class=\"elementor-element elementor-element-abb9604 elementor-widget elementor-widget-text-editor\" data-id=\"abb9604\" data-element_type=\"widget\" data-e-type=\"widget\" data-widget_type=\"text-editor.default\">\n\t\t\t\t\t\t\t\t\t\n<h4>\u00a0<\/h4>\n<h4>Introduction to RAVAS Beauty<\/h4>\n<p>Welcome to Ravas, our family-owned skincare brand, where nature and innovation meet to create solutions for radiant, healthy skin. We are passionate about harnessing the power of nature to deliver skincare products that nourish, protect and enhance your skin's vitality. Every product we make is thoughtfully designed for individuals who value the benefits of natural ingredients and want to experience the transformative effects they bring to their daily skincare routine.<br \/><br \/><\/p>\n<h4>Our basic principles<\/h4>\n<p>At Ravas beauty, we believe in the power of simplicity. Our products are made with carefully selected, natural ingredients that work in harmony with your skin. We prioritise purity and ensure that each formula is <span class=\"wysiwyg-font-size-18\"><b>free\u00a0<\/b><\/span>from:<\/p>\n<ul>\n<li>Strong chemicals<\/li>\n<li>Unnecessary additives<\/li>\n<li>Synthetic compounds<\/li>\n<\/ul>\n<p>Instead, we focus on high-quality botanical extracts, essential oils and vitamins that:<\/p>\n<ul>\n<li>Renews and replenishes the skin<\/li>\n<li>Helps you achieve a radiant glow<\/li>\n<li>Gives a fresh, revitalised complexion every day<\/li>\n<\/ul>\n<h4>Our commitment to excellence<\/h4>\n<p>Our commitment to excellence extends beyond our ingredients. We have partnered with:<\/p>\n<ul>\n<li>Indirect channels and international distributors to make our products available to skincare enthusiasts around the world.<\/li>\n<\/ul>\n<p>We are dedicated to reaching individuals who share our passion for natural skincare and want to incorporate the benefits of nature into their beauty regimen.<\/p>\n<h4>Our sustainability mission<\/h4>\n<p>We work with women-run co-operatives in Sweden in product development and production and outside Sweden in marketing.\u00a0<\/p>\n<p>We exclusively picked and designed our eco-friendly packaging and removed the plastic from our glass jars which were originally made to be filled with 30ml of the contents, but now our customers get 55ml instead and the plastic is gone.<\/p>\n<p>At Ravas beauty, our mission is to source the most effective and beneficial ingredients from around the world, to ensure that our products not only care for your skin but also lift your spirit. We believe in a holistic approach, where skincare touches both body and soul.<\/p>\n<h4>Come with us<\/h4>\n<p>Join us on this journey towards healthier, more radiant skin. Embrace the power of nature with Ravas and experience the difference for yourself.<\/p>\n\t\t\t\t\t\t\t\t<\/div>\n\t\t\t\t<\/div>\n\t\t<div class=\"elementor-element elementor-element-f464c6f e-con-full e-flex e-con e-child\" data-id=\"f464c6f\" data-element_type=\"container\" data-e-type=\"container\">\n\t\t<div class=\"elementor-element elementor-element-c4e49e4 e-grid e-con-boxed e-con e-child\" data-id=\"c4e49e4\" data-element_type=\"container\" data-e-type=\"container\" data-settings=\"{&quot;background_background&quot;:&quot;classic&quot;}\">\n\t\t\t\t\t<div class=\"e-con-inner\">\n\t\t\t\t\t<\/div>\n\t\t\t\t<\/div>\n\t\t\t\t<div class=\"elementor-element elementor-element-5328b89 elementor-widget elementor-widget-text-editor\" data-id=\"5328b89\" data-element_type=\"widget\" data-e-type=\"widget\" data-widget_type=\"text-editor.default\">\n\t\t\t\t\t\t\t\t\t<h4><span class=\"image-title  imagewidget__image-title\">CAMOMILE<\/span><\/h4>\n<p><span class=\"image-description  imagewidget__image-description\">Chamomile (Ormenis Multicaulis) flower oil provides soothing properties, perfect for sensitive skin.<\/span><\/p>\t\t\t\t\t\t\t\t<\/div>\n\t\t<div class=\"elementor-element elementor-element-9ad4dab e-con-full e-grid e-con e-child\" data-id=\"9ad4dab\" data-element_type=\"container\" data-e-type=\"container\" data-settings=\"{&quot;background_background&quot;:&quot;classic&quot;}\">\n\t\t\t\t<\/div>\n\t\t\t\t<div class=\"elementor-element elementor-element-e8b99d8 elementor-widget elementor-widget-text-editor\" data-id=\"e8b99d8\" data-element_type=\"widget\" data-e-type=\"widget\" data-widget_type=\"text-editor.default\">\n\t\t\t\t\t\t\t\t\t<h4>VITAMIN E<\/h4>\n<p>The antioxidant Vitamin E (Tocopherol) protects the skin's moisture barrier &amp; prevents damage.<\/p>\t\t\t\t\t\t\t\t<\/div>\n\t\t<div class=\"elementor-element elementor-element-2ef9a53 e-con-full e-grid e-con e-child\" data-id=\"2ef9a53\" data-element_type=\"container\" data-e-type=\"container\" data-settings=\"{&quot;background_background&quot;:&quot;classic&quot;}\">\n\t\t\t\t<\/div>\n\t\t\t\t<div class=\"elementor-element elementor-element-ca130b7 elementor-widget elementor-widget-text-editor\" data-id=\"ca130b7\" data-element_type=\"widget\" data-e-type=\"widget\" data-widget_type=\"text-editor.default\">\n\t\t\t\t\t\t\t\t\t<h4>BERGAMOTT<\/h4>\n<p>Bergamot (Citrus Bergamia) fruit oil is a naturally balancing oil with a fresh scent.<\/p>\t\t\t\t\t\t\t\t<\/div>\n\t\t\t\t<\/div>\n\t\t\t\t\t<\/div>\n\t\t\t\t<\/div>\n\t\t\t\t<\/div>","protected":false},"excerpt":{"rendered":"<p>Om RAVAS Beauty av Ekoma of Sweden \u00a0 Introduktion till RAVAS Beauty V\u00e4lkommen till Ravas, v\u00e5rt familje\u00e4gda hudv\u00e5rdsm\u00e4rke, d\u00e4r natur och innovation m\u00f6ts f\u00f6r att skapa l\u00f6sningar f\u00f6r str\u00e5lande, frisk hud. Vi brinner f\u00f6r att utnyttja naturens kraft f\u00f6r att leverera hudv\u00e5rdsprodukter som ger n\u00e4ring, skyddar och f\u00f6rb\u00e4ttrar din huds vitalitet. Varje produkt vi tillverkar [&hellip;]<\/p>\n","protected":false},"author":1,"featured_media":0,"parent":0,"menu_order":0,"comment_status":"closed","ping_status":"closed","template":"elementor_theme","meta":{"slim_seo":{"title":"About us - Ekoma Of Sweden","description":"About RAVAS Beauty by Ekoma of Sweden Introduction to RAVAS Beauty Welcome to Ravas, our family-owned skincare brand, where nature and innovation meet to"},"footnotes":""},"class_list":["post-306","page","type-page","status-publish","hentry"],"_links":{"self":[{"href":"https:\/\/ekomaofsweden.com\/en\/wp-json\/wp\/v2\/pages\/306","targetHints":{"allow":["GET"]}}],"collection":[{"href":"https:\/\/ekomaofsweden.com\/en\/wp-json\/wp\/v2\/pages"}],"about":[{"href":"https:\/\/ekomaofsweden.com\/en\/wp-json\/wp\/v2\/types\/page"}],"author":[{"embeddable":true,"href":"https:\/\/ekomaofsweden.com\/en\/wp-json\/wp\/v2\/users\/1"}],"replies":[{"embeddable":true,"href":"https:\/\/ekomaofsweden.com\/en\/wp-json\/wp\/v2\/comments?post=306"}],"version-history":[{"count":38,"href":"https:\/\/ekomaofsweden.com\/en\/wp-json\/wp\/v2\/pages\/306\/revisions"}],"predecessor-version":[{"id":1024,"href":"https:\/\/ekomaofsweden.com\/en\/wp-json\/wp\/v2\/pages\/306\/revisions\/1024"}],"wp:attachment":[{"href":"https:\/\/ekomaofsweden.com\/en\/wp-json\/wp\/v2\/media?parent=306"}],"curies":[{"name":"wp","href":"https:\/\/api.w.org\/{rel}","templated":true}]}}